{"id":969,"date":"2021-11-03T10:24:38","date_gmt":"2021-11-03T10:24:38","guid":{"rendered":"https:\/\/hortgreen.com\/?page_id=969"},"modified":"2025-04-02T12:41:48","modified_gmt":"2025-04-02T12:41:48","slug":"partners","status":"publish","type":"page","link":"https:\/\/vertifarms.eu\/bg\/partners\/","title":{"rendered":"\u041f\u0430\u0440\u0442\u043d\u044c\u043e\u0440\u0438"},"content":{"rendered":"<p>[vc_row container=&#8220;1&#8243;][vc_column]\n<!-- Our Certifications __________________-->\n<div class=\"our-certification\">\n    <div class=\"container\">\n        <h3><\/h3>\n\n        <div class=\"row\">\n            <div class=\"theme-slider\">\n                                <div class=\"item hvr-float-shadow\">\n                    <img decoding=\"async\" src=\"https:\/\/vertifarms.eu\/wp-content\/uploads\/2021\/11\/usamv-logo-v1.2.png\" alt=\"image\">\n                <\/div>\n                                <div class=\"item hvr-float-shadow\">\n                    <img decoding=\"async\" src=\"https:\/\/vertifarms.eu\/wp-content\/uploads\/2021\/11\/ltu-zelen-logo-v1.1.png\" alt=\"image\">\n                <\/div>\n                                <div class=\"item hvr-float-shadow\">\n                    <img decoding=\"async\" src=\"https:\/\/vertifarms.eu\/wp-content\/uploads\/2021\/11\/zirai.png\" alt=\"image\">\n                <\/div>\n                                <div class=\"item hvr-float-shadow\">\n                    <img decoding=\"async\" src=\"https:\/\/vertifarms.eu\/wp-content\/uploads\/2021\/11\/unimate-logo.png\" alt=\"image\">\n                <\/div>\n                            <\/div> <!-- \/.theme-slider -->\n        <\/div> <!-- \/.row -->\n    <\/div> <!-- \/.containr -->\n<\/div>\n\n[\/vc_column][\/vc_row][vc_row][vc_column][\/vc_column][\/vc_row][vc_row][vc_column]   \n   \n\n<div class=\"our-teacher wow fadeInUp \">\n    <div class=\"container\">\n                <div class=\"theme-title\">\n            <h2><\/h2>\n            <p>UNIVERSITY OF AGRONOMIC SCIENCES AND VETERINARY MEDICINE OF BUCHAREST (USAMV BUCHAREST)<\/p>\n        <\/div>\n\t\t        <div class=\"row\">\n            <div class=\"theme-slider\">\n                                <div class=\"item\">\n                    <div class=\"item-wrapper theme-bg-color tran3s hvr-float-shadow\">\n                        <div class=\"img-holder round-border\">\n                            <img loading=\"lazy\" decoding=\"async\" width=\"222\" height=\"230\" src=\"https:\/\/vertifarms.eu\/wp-content\/uploads\/2021\/11\/roxana-ciceoi-v1-222x230.jpg\" class=\"attachment-edutech_230x230 size-edutech_230x230 wp-post-image\" alt=\"\" \/>                            <div class=\"overlay round-border tran4s\">\n                                                                <ul>\n                                                                            <li><a href=\"\" class=\"tran3s round-border icon\"><i class=\"fa \" aria-hidden=\"true\"><\/i><\/a><\/li>\n                                                                    <\/ul>\n                                                            <\/div>\n                        <\/div> <!-- \/.img-holder -->\n                        <a href=\"\"><h6>Dr. Roxana Ciceoi<\/h6><\/a>\n                        <p><\/p>\n                    <\/div>\n                <\/div>\n                                <div class=\"item\">\n                    <div class=\"item-wrapper theme-bg-color tran3s hvr-float-shadow\">\n                        <div class=\"img-holder round-border\">\n                            <img loading=\"lazy\" decoding=\"async\" width=\"222\" height=\"230\" src=\"https:\/\/vertifarms.eu\/wp-content\/uploads\/2021\/11\/liliana-badulescu-222x230.jpg\" class=\"attachment-edutech_230x230 size-edutech_230x230 wp-post-image\" alt=\"\" \/>                            <div class=\"overlay round-border tran4s\">\n                                                                <ul>\n                                                                            <li><a href=\"\" class=\"tran3s round-border icon\"><i class=\"fa \" aria-hidden=\"true\"><\/i><\/a><\/li>\n                                                                    <\/ul>\n                                                            <\/div>\n                        <\/div> <!-- \/.img-holder -->\n                        <a href=\"\"><h6>Prof.dr. Liliana B\u0103dulescu<\/h6><\/a>\n                        <p><\/p>\n                    <\/div>\n                <\/div>\n                                <div class=\"item\">\n                    <div class=\"item-wrapper theme-bg-color tran3s hvr-float-shadow\">\n                        <div class=\"img-holder round-border\">\n                            <img loading=\"lazy\" decoding=\"async\" width=\"222\" height=\"230\" src=\"https:\/\/vertifarms.eu\/wp-content\/uploads\/2021\/11\/ana-butcaru-222x230.jpg\" class=\"attachment-edutech_230x230 size-edutech_230x230 wp-post-image\" alt=\"\" \/>                            <div class=\"overlay round-border tran4s\">\n                                                                <ul>\n                                                                            <li><a href=\"\" class=\"tran3s round-border icon\"><i class=\"fa \" aria-hidden=\"true\"><\/i><\/a><\/li>\n                                                                    <\/ul>\n                                                            <\/div>\n                        <\/div> <!-- \/.img-holder -->\n                        <a href=\"\"><h6>Dr. Ana Butcaru<\/h6><\/a>\n                        <p><\/p>\n                    <\/div>\n                <\/div>\n                                \n            <\/div>\n        <\/div> <!-- \/.row -->\n    <\/div> <!-- \/.container -->\n<\/div>\n\n   \n   \n\n<div class=\"our-teacher wow fadeInUp \">\n    <div class=\"container\">\n                <div class=\"theme-title\">\n            <h2><\/h2>\n            <p>UNIVERSITY OF FORESTRY, SOFIA (LTU)<\/p>\n        <\/div>\n\t\t        <div class=\"row\">\n            <div class=\"theme-slider\">\n                                <div class=\"item\">\n                    <div class=\"item-wrapper theme-bg-color tran3s hvr-float-shadow\">\n                        <div class=\"img-holder round-border\">\n                            <img loading=\"lazy\" decoding=\"async\" width=\"222\" height=\"230\" src=\"https:\/\/vertifarms.eu\/wp-content\/uploads\/2021\/11\/rumen-tomov-222x230.jpg\" class=\"attachment-edutech_230x230 size-edutech_230x230 wp-post-image\" alt=\"\" \/>                            <div class=\"overlay round-border tran4s\">\n                                                                <ul>\n                                                                            <li><a href=\"\" class=\"tran3s round-border icon\"><i class=\"fa \" aria-hidden=\"true\"><\/i><\/a><\/li>\n                                                                    <\/ul>\n                                                            <\/div>\n                        <\/div> <!-- \/.img-holder -->\n                        <a href=\"\"><h6>Prof.dr. Rumen Tomov<\/h6><\/a>\n                        <p><\/p>\n                    <\/div>\n                <\/div>\n                                <div class=\"item\">\n                    <div class=\"item-wrapper theme-bg-color tran3s hvr-float-shadow\">\n                        <div class=\"img-holder round-border\">\n                            <img loading=\"lazy\" decoding=\"async\" width=\"222\" height=\"230\" src=\"https:\/\/vertifarms.eu\/wp-content\/uploads\/2021\/11\/milena-yordanova-222x230.jpg\" class=\"attachment-edutech_230x230 size-edutech_230x230 wp-post-image\" alt=\"\" \/>                            <div class=\"overlay round-border tran4s\">\n                                                                <ul>\n                                                                            <li><a href=\"\" class=\"tran3s round-border icon\"><i class=\"fa \" aria-hidden=\"true\"><\/i><\/a><\/li>\n                                                                    <\/ul>\n                                                            <\/div>\n                        <\/div> <!-- \/.img-holder -->\n                        <a href=\"\"><h6>Assoc. Prof. PhD Milena Hristova Yordanova<\/h6><\/a>\n                        <p><\/p>\n                    <\/div>\n                <\/div>\n                                <div class=\"item\">\n                    <div class=\"item-wrapper theme-bg-color tran3s hvr-float-shadow\">\n                        <div class=\"img-holder round-border\">\n                            <img loading=\"lazy\" decoding=\"async\" width=\"222\" height=\"230\" src=\"https:\/\/vertifarms.eu\/wp-content\/uploads\/2021\/11\/vera-petrova-222x230.jpg\" class=\"attachment-edutech_230x230 size-edutech_230x230 wp-post-image\" alt=\"\" \/>                            <div class=\"overlay round-border tran4s\">\n                                                                <ul>\n                                                                            <li><a href=\"\" class=\"tran3s round-border icon\"><i class=\"fa \" aria-hidden=\"true\"><\/i><\/a><\/li>\n                                                                    <\/ul>\n                                                            <\/div>\n                        <\/div> <!-- \/.img-holder -->\n                        <a href=\"\"><h6>Assoc. Prof. PhD Vera Zamfirova Petrova<\/h6><\/a>\n                        <p><\/p>\n                    <\/div>\n                <\/div>\n                                \n            <\/div>\n        <\/div> <!-- \/.row -->\n    <\/div> <!-- \/.container -->\n<\/div>\n\n   \n   \n\n<div class=\"our-teacher wow fadeInUp \">\n    <div class=\"container\">\n                <div class=\"theme-title\">\n            <h2><\/h2>\n            <p>HUNGARIAN UNIVERSITY OF AGRICULTURAL AND LIFE SCIENCES, BUDAPEST (UNI-MATE)<\/p>\n        <\/div>\n\t\t        <div class=\"row\">\n            <div class=\"theme-slider\">\n                                <div class=\"item\">\n                    <div class=\"item-wrapper theme-bg-color tran3s hvr-float-shadow\">\n                        <div class=\"img-holder round-border\">\n                            <img loading=\"lazy\" decoding=\"async\" width=\"222\" height=\"230\" src=\"https:\/\/vertifarms.eu\/wp-content\/uploads\/2021\/11\/andras-szekacs-222x230.jpg\" class=\"attachment-edutech_230x230 size-edutech_230x230 wp-post-image\" alt=\"\" \/>                            <div class=\"overlay round-border tran4s\">\n                                                                <ul>\n                                                                            <li><a href=\"\" class=\"tran3s round-border icon\"><i class=\"fa \" aria-hidden=\"true\"><\/i><\/a><\/li>\n                                                                    <\/ul>\n                                                            <\/div>\n                        <\/div> <!-- \/.img-holder -->\n                        <a href=\"\"><h6>Prof.dr. Andr\u00e1s Sz\u00e9k\u00e1cs<\/h6><\/a>\n                        <p><\/p>\n                    <\/div>\n                <\/div>\n                                <div class=\"item\">\n                    <div class=\"item-wrapper theme-bg-color tran3s hvr-float-shadow\">\n                        <div class=\"img-holder round-border\">\n                            <img loading=\"lazy\" decoding=\"async\" width=\"222\" height=\"230\" src=\"https:\/\/vertifarms.eu\/wp-content\/uploads\/2021\/11\/eszter-takacs-222x230.jpg\" class=\"attachment-edutech_230x230 size-edutech_230x230 wp-post-image\" alt=\"\" \/>                            <div class=\"overlay round-border tran4s\">\n                                                                <ul>\n                                                                            <li><a href=\"\" class=\"tran3s round-border icon\"><i class=\"fa \" aria-hidden=\"true\"><\/i><\/a><\/li>\n                                                                    <\/ul>\n                                                            <\/div>\n                        <\/div> <!-- \/.img-holder -->\n                        <a href=\"\"><h6>Dr. Eszter Tak\u00e1cs<\/h6><\/a>\n                        <p><\/p>\n                    <\/div>\n                <\/div>\n                                <div class=\"item\">\n                    <div class=\"item-wrapper theme-bg-color tran3s hvr-float-shadow\">\n                        <div class=\"img-holder round-border\">\n                            <img loading=\"lazy\" decoding=\"async\" width=\"230\" height=\"230\" src=\"https:\/\/vertifarms.eu\/wp-content\/uploads\/2021\/12\/Zsuzsa-230x230.jpg\" class=\"attachment-edutech_230x230 size-edutech_230x230 wp-post-image\" alt=\"\" srcset=\"https:\/\/vertifarms.eu\/wp-content\/uploads\/2021\/12\/Zsuzsa-230x230.jpg 230w, https:\/\/vertifarms.eu\/wp-content\/uploads\/2021\/12\/Zsuzsa-150x150.jpg 150w, https:\/\/vertifarms.eu\/wp-content\/uploads\/2021\/12\/Zsuzsa-110x110.jpg 110w\" sizes=\"auto, (max-width: 230px) 100vw, 230px\" \/>                            <div class=\"overlay round-border tran4s\">\n                                                                <ul>\n                                                                            <li><a href=\"\" class=\"tran3s round-border icon\"><i class=\"fa \" aria-hidden=\"true\"><\/i><\/a><\/li>\n                                                                    <\/ul>\n                                                            <\/div>\n                        <\/div> <!-- \/.img-holder -->\n                        <a href=\"\"><h6>Dr. Zsuzsanna Kinga Farkas<\/h6><\/a>\n                        <p><\/p>\n                    <\/div>\n                <\/div>\n                                \n            <\/div>\n        <\/div> <!-- \/.row -->\n    <\/div> <!-- \/.container -->\n<\/div>\n\n   \n   \n\n<div class=\"our-teacher wow fadeInUp mar-bt\">\n    <div class=\"container\">\n                \t<h4><\/h4>\n            <p>PLANT PROTECTION CENTRAL RESEARCH INSTITUTE (ZMMAE), ANKARA<\/p>\n                <div class=\"row\">\n            <div class=\"theme-slider\">\n                                <div class=\"item\">\n                    <div class=\"item-wrapper theme-bg-color tran3s hvr-float-shadow\">\n                        <div class=\"img-holder round-border\">\n                            <img loading=\"lazy\" decoding=\"async\" width=\"222\" height=\"230\" src=\"https:\/\/vertifarms.eu\/wp-content\/uploads\/2021\/11\/arzu-aydar-v1-222x230.jpg\" class=\"attachment-edutech_230x230 size-edutech_230x230 wp-post-image\" alt=\"\" \/>                            <div class=\"overlay round-border tran4s\">\n                                                                <ul>\n                                                                            <li><a href=\"\" class=\"tran3s round-border icon\"><i class=\"fa \" aria-hidden=\"true\"><\/i><\/a><\/li>\n                                                                    <\/ul>\n                                                            <\/div>\n                        <\/div> <!-- \/.img-holder -->\n                        <a href=\"\"><h6>Dr. Arzu Aydar<\/h6><\/a>\n                        <p><\/p>\n                    <\/div>\n                <\/div>\n                                <div class=\"item\">\n                    <div class=\"item-wrapper theme-bg-color tran3s hvr-float-shadow\">\n                        <div class=\"img-holder round-border\">\n                            <img loading=\"lazy\" decoding=\"async\" width=\"222\" height=\"230\" src=\"https:\/\/vertifarms.eu\/wp-content\/uploads\/2021\/11\/okray-orel-222x230.jpg\" class=\"attachment-edutech_230x230 size-edutech_230x230 wp-post-image\" alt=\"\" \/>                            <div class=\"overlay round-border tran4s\">\n                                                                <ul>\n                                                                            <li><a href=\"\" class=\"tran3s round-border icon\"><i class=\"fa \" aria-hidden=\"true\"><\/i><\/a><\/li>\n                                                                    <\/ul>\n                                                            <\/div>\n                        <\/div> <!-- \/.img-holder -->\n                        <a href=\"\"><h6>Dr. Okray Orel<\/h6><\/a>\n                        <p><\/p>\n                    <\/div>\n                <\/div>\n                                <div class=\"item\">\n                    <div class=\"item-wrapper theme-bg-color tran3s hvr-float-shadow\">\n                        <div class=\"img-holder round-border\">\n                            <img loading=\"lazy\" decoding=\"async\" width=\"222\" height=\"230\" src=\"https:\/\/vertifarms.eu\/wp-content\/uploads\/2021\/11\/yasemin-sabahoglu-222x230.jpg\" class=\"attachment-edutech_230x230 size-edutech_230x230 wp-post-image\" alt=\"\" \/>                            <div class=\"overlay round-border tran4s\">\n                                                                <ul>\n                                                                            <li><a href=\"\" class=\"tran3s round-border icon\"><i class=\"fa \" aria-hidden=\"true\"><\/i><\/a><\/li>\n                                                                    <\/ul>\n                                                            <\/div>\n                        <\/div> <!-- \/.img-holder -->\n                        <a href=\"\"><h6>Dr. Yasemin Sabaho\u011flu<\/h6><\/a>\n                        <p><\/p>\n                    <\/div>\n                <\/div>\n                                \n            <\/div>\n        <\/div> <!-- \/.row -->\n    <\/div> <!-- \/.container -->\n<\/div>\n\n[\/vc_column][\/vc_row]<\/p>\n","protected":false},"excerpt":{"rendered":"<p>[vc_row container=&#8220;1&#8243;][vc_column][\/vc_column][\/vc_row][vc_row][vc_column][\/vc_column][\/vc_row][vc_row][vc_column][\/vc_column][\/vc_row]<\/p>\n","protected":false},"author":1,"featured_media":0,"parent":0,"menu_order":0,"comment_status":"closed","ping_status":"closed","template":"tpl-visual_composer.php","meta":{"footnotes":""},"class_list":["post-969","page","type-page","status-publish","hentry"],"_links":{"self":[{"href":"https:\/\/vertifarms.eu\/bg\/wp-json\/wp\/v2\/pages\/969","targetHints":{"allow":["GET"]}}],"collection":[{"href":"https:\/\/vertifarms.eu\/bg\/wp-json\/wp\/v2\/pages"}],"about":[{"href":"https:\/\/vertifarms.eu\/bg\/wp-json\/wp\/v2\/types\/page"}],"author":[{"embeddable":true,"href":"https:\/\/vertifarms.eu\/bg\/wp-json\/wp\/v2\/users\/1"}],"replies":[{"embeddable":true,"href":"https:\/\/vertifarms.eu\/bg\/wp-json\/wp\/v2\/comments?post=969"}],"version-history":[{"count":27,"href":"https:\/\/vertifarms.eu\/bg\/wp-json\/wp\/v2\/pages\/969\/revisions"}],"predecessor-version":[{"id":13329,"href":"https:\/\/vertifarms.eu\/bg\/wp-json\/wp\/v2\/pages\/969\/revisions\/13329"}],"wp:attachment":[{"href":"https:\/\/vertifarms.eu\/bg\/wp-json\/wp\/v2\/media?parent=969"}],"curies":[{"name":"wp","href":"https:\/\/api.w.org\/{rel}","templated":true}]}}